{"id":2564,"date":"2022-07-06T13:28:42","date_gmt":"2022-07-06T11:28:42","guid":{"rendered":"https:\/\/mary-roos.de\/html\/?page_id=2564"},"modified":"2022-07-06T13:31:41","modified_gmt":"2022-07-06T11:31:41","slug":"die-anfaenge","status":"publish","type":"page","link":"https:\/\/mary-roos.de\/html\/die-anfaenge","title":{"rendered":"Die Anf\u00e4nge"},"content":{"rendered":"<p style=\"text-align: left;\"><img loading=\"lazy\" class=\"alignnone wp-image-2495 size-full\" src=\"https:\/\/mary-roos.de\/html\/wp-content\/uploads\/2022\/07\/button_anfaenge_aktiv.jpg\" alt=\"\" width=\"120\" height=\"60\" \/> <a href=\"https:\/\/mary-roos.de\/html\/biografie-die-70er-jahre-teil-1\"><img loading=\"lazy\" class=\"alignnone size-full wp-image-2472\" src=\"https:\/\/mary-roos.de\/html\/wp-content\/uploads\/2022\/07\/button_70er.jpg\" alt=\"\" width=\"120\" height=\"60\" \/><\/a> <a href=\"https:\/\/mary-roos.de\/html\/biografie-die-80er-jahre-teil-1\"><img loading=\"lazy\" class=\"alignnone size-full wp-image-2473\" src=\"https:\/\/mary-roos.de\/html\/wp-content\/uploads\/2022\/07\/button_80er.jpg\" alt=\"\" width=\"120\" height=\"60\" \/><\/a> <a href=\"https:\/\/mary-roos.de\/html\/biografie-die-90er-jahre\"><img loading=\"lazy\" class=\"alignnone wp-image-2474 size-full\" src=\"https:\/\/mary-roos.de\/html\/wp-content\/uploads\/2022\/07\/button_90er.jpg\" alt=\"\" width=\"120\" height=\"60\" \/><\/a> <a href=\"https:\/\/mary-roos.de\/html\/biografie-die-2000er-jahre-teil-1\"><img loading=\"lazy\" class=\"alignnone wp-image-2475 size-full\" src=\"https:\/\/mary-roos.de\/html\/wp-content\/uploads\/2022\/07\/button_2000er.jpg\" alt=\"\" width=\"120\" height=\"60\" \/><\/a> <a href=\"https:\/\/mary-roos.de\/html\/biografie-die-2010er-jahre\"><img loading=\"lazy\" class=\"alignnone size-full wp-image-2476\" src=\"https:\/\/mary-roos.de\/html\/wp-content\/uploads\/2022\/07\/button_2010er.jpg\" alt=\"\" width=\"120\" height=\"60\" \/><\/a> <a href=\"https:\/\/mary-roos.de\/html\/biografie-die-2020er-jahre\"><img loading=\"lazy\" class=\"alignnone wp-image-2477 size-full\" src=\"https:\/\/mary-roos.de\/html\/wp-content\/uploads\/2022\/07\/button_2020er.jpg\" alt=\"\" width=\"120\" height=\"60\" \/><\/a><\/p>\n<p>&nbsp;<\/p>\n<h4 style=\"text-align: left;\">Die Anf\u00e4nge<\/h4>\n<hr \/>\n<p style=\"text-align: justify;\">Geboren wird Mary Roos am 9. Januar 1949 in Bingen am Rhein. Ihre Eltern f\u00fchren ein Hotel, in dem die kleine Rosemarie Schwab &#8211; so geht die Legende &#8211; beim F\u00fcnf-Uhr-Tee gelegentlich ihre ersten kurzen Amateurauftritte hat und im Alter von 9 Jahren schlie\u00dflich die Aufmerksamkeit eines Plattenproduzenten auf sich lenkt.<\/p>\n<p style=\"text-align: justify;\">So darf Rosemarie dann 1958 trotz eigentlich viel zu gro\u00dfer Zahnl\u00fccken ihre ersten Singles aufnehmen: &#8218;Ja die Dicken sind ja so gem\u00fctlich&#8216; und &#8218;Little Teenager Song&#8216;. In den n\u00e4chsten Jahren folgen unz\u00e4hlige Plattenver\u00f6ffentlichungen, die sich heute kaum noch komplett erfassen lassen, sowie verschiedene Filmrollen jenseits des Schlagergenres. Der gro\u00dfe Erfolg stellt sich zun\u00e4chst nicht ein, aber Mary Roos, wie Rosemarie seit den fr\u00fchen 60ern genannt wird, genie\u00dft gen\u00fcgend Anerkennung um sich in Anlehnung an die ber\u00fchmte Caterina Valente den Beinamen &#8218;Die Valente vom M\u00e4useturm&#8216; zu verdienen.<\/p>\n<p>&nbsp;<\/p>\n<p><iframe loading=\"lazy\" title=\"YouTube video player\" src=\"https:\/\/www.youtube.com\/embed\/1c40BGsdaEg\" width=\"900\" height=\"500\" frameborder=\"0\" allowfullscreen=\"allowfullscreen\"><\/iframe><\/p>\n<p>&nbsp;<\/p>\n<p>Erstmals internationale Beachtung findet Mary 1963 bei einem Nachwuchswettbewerb im belgischen Seebad Knokke, bei dem sie den 2. Platz belegt. Drei Jahre danach hat sie ihren ersten Auftritt bei den deutschen Schlagerfestspielen in Baden-Baden und erh\u00e4lt gl\u00e4nzende Kritiken. Mit &#8218;Wie der Wind&#8216; schafft Mary Roos es, sich gegen die arrivierte Konkurrenz mit einem sechsten Platz zu behaupten. Zu dieser Zeit ver\u00f6ffentlicht Mary gemeinsam mit dem Dresdner Mozart-Chor auch ihrer erstes Album &#8218;Die kleine Stadt will schlafen geh&#8217;n&#8216;. 1968 tritt sie erneut bei den Schlagerfestspielen an. Ihr Beitrag &#8218;Die Welt von morgen&#8216; entstammt ihrer bis heute einzigen Zusammenarbeit mit Ralph Siegel.<\/p>\n<p>&nbsp;<\/p>\n<p><iframe loading=\"lazy\" title=\"YouTube video player\" src=\"https:\/\/www.youtube.com\/embed\/ZhyZB0D4ryo\" width=\"900\" height=\"500\" frameborder=\"0\" allowfullscreen=\"allowfullscreen\"><\/iframe><\/p>\n<p>&nbsp;<\/p>\n<h4><a href=\"https:\/\/www.youtube.com\/channel\/UCasReoXlOCac6vXeLbEm7Iw\/playlists\"><img loading=\"lazy\" class=\"alignright wp-image-2379\" src=\"https:\/\/mary-roos.de\/html\/wp-content\/uploads\/2022\/07\/button_youtube-300x300.png\" alt=\"\" width=\"50\" height=\"50\" srcset=\"https:\/\/mary-roos.de\/html\/wp-content\/uploads\/2022\/07\/button_youtube-300x300.png 300w, https:\/\/mary-roos.de\/html\/wp-content\/uploads\/2022\/07\/button_youtube-150x150.png 150w, https:\/\/mary-roos.de\/html\/wp-content\/uploads\/2022\/07\/button_youtube.png 456w\" sizes=\"(max-width: 50px) 100vw, 50px\" \/><\/a><a href=\"https:\/\/www.instagram.com\/maryroosofficial\/\"><img loading=\"lazy\" class=\"alignnone wp-image-2378 alignright\" src=\"https:\/\/mary-roos.de\/html\/wp-content\/uploads\/2022\/07\/button_instagram-297x300.png\" alt=\"\" width=\"50\" height=\"50\" srcset=\"https:\/\/mary-roos.de\/html\/wp-content\/uploads\/2022\/07\/button_instagram-297x300.png 297w, https:\/\/mary-roos.de\/html\/wp-content\/uploads\/2022\/07\/button_instagram-150x150.png 150w, https:\/\/mary-roos.de\/html\/wp-content\/uploads\/2022\/07\/button_instagram.png 459w\" sizes=\"(max-width: 50px) 100vw, 50px\" \/><\/a><a href=\"https:\/\/www.facebook.com\/Maryroos.de\/\"><img loading=\"lazy\" class=\"alignright wp-image-2377\" src=\"https:\/\/mary-roos.de\/html\/wp-content\/uploads\/2022\/07\/button_facebook-150x150.png\" alt=\"\" width=\"50\" height=\"50\" srcset=\"https:\/\/mary-roos.de\/html\/wp-content\/uploads\/2022\/07\/button_facebook-150x150.png 150w, https:\/\/mary-roos.de\/html\/wp-content\/uploads\/2022\/07\/button_facebook-300x300.png 300w, https:\/\/mary-roos.de\/html\/wp-content\/uploads\/2022\/07\/button_facebook.png 457w\" sizes=\"(max-width: 50px) 100vw, 50px\" \/><\/a><\/h4>\n","protected":false},"excerpt":{"rendered":"<p>&nbsp; Die Anf\u00e4nge Geboren wird Mary Roos am 9. Januar 1949 in Bingen am Rhein. Ihre Eltern f\u00fchren ein Hotel, in dem die kleine Rosemarie Schwab &#8211; so geht die Legende &#8211; beim F\u00fcnf-Uhr-Tee gelegentlich ihre ersten kurzen Amateurauftritte hat und im Alter von 9 Jahren schlie\u00dflich die Aufmerksamkeit eines Plattenproduzenten auf sich lenkt. So [&hellip;]<\/p>\n","protected":false},"author":1,"featured_media":0,"parent":0,"menu_order":0,"comment_status":"closed","ping_status":"closed","template":"","meta":[],"_links":{"self":[{"href":"https:\/\/mary-roos.de\/html\/wp-json\/wp\/v2\/pages\/2564"}],"collection":[{"href":"https:\/\/mary-roos.de\/html\/wp-json\/wp\/v2\/pages"}],"about":[{"href":"https:\/\/mary-roos.de\/html\/wp-json\/wp\/v2\/types\/page"}],"author":[{"embeddable":true,"href":"https:\/\/mary-roos.de\/html\/wp-json\/wp\/v2\/users\/1"}],"replies":[{"embeddable":true,"href":"https:\/\/mary-roos.de\/html\/wp-json\/wp\/v2\/comments?post=2564"}],"version-history":[{"count":1,"href":"https:\/\/mary-roos.de\/html\/wp-json\/wp\/v2\/pages\/2564\/revisions"}],"predecessor-version":[{"id":2565,"href":"https:\/\/mary-roos.de\/html\/wp-json\/wp\/v2\/pages\/2564\/revisions\/2565"}],"wp:attachment":[{"href":"https:\/\/mary-roos.de\/html\/wp-json\/wp\/v2\/media?parent=2564"}],"curies":[{"name":"wp","href":"https:\/\/api.w.org\/{rel}","templated":true}]}}