{"id":2265,"date":"2022-07-01T10:14:04","date_gmt":"2022-07-01T08:14:04","guid":{"rendered":"https:\/\/mary-roos.de\/html\/?page_id=2265"},"modified":"2022-07-06T10:28:10","modified_gmt":"2022-07-06T08:28:10","slug":"biografie-die-2010er-jahre","status":"publish","type":"page","link":"https:\/\/mary-roos.de\/html\/biografie-die-2010er-jahre","title":{"rendered":"Biografie \u2013 Die 2010er Jahre"},"content":{"rendered":"<p style=\"text-align: left;\"><a href=\"https:\/\/mary-roos.de\/html\/biographie\"><img loading=\"lazy\" class=\"alignnone size-full wp-image-2478\" src=\"https:\/\/mary-roos.de\/html\/wp-content\/uploads\/2022\/07\/button_anfaenge.jpg\" alt=\"\" width=\"120\" height=\"60\" \/><\/a> <a href=\"https:\/\/mary-roos.de\/html\/biografie-die-70er-jahre-teil-1\"><img loading=\"lazy\" class=\"alignnone size-full wp-image-2472\" src=\"https:\/\/mary-roos.de\/html\/wp-content\/uploads\/2022\/07\/button_70er.jpg\" alt=\"\" width=\"120\" height=\"60\" \/><\/a> <a href=\"https:\/\/mary-roos.de\/html\/biografie-die-80er-jahre-teil-1\"><img loading=\"lazy\" class=\"alignnone size-full wp-image-2473\" src=\"https:\/\/mary-roos.de\/html\/wp-content\/uploads\/2022\/07\/button_80er.jpg\" alt=\"\" width=\"120\" height=\"60\" \/><\/a> <a href=\"https:\/\/mary-roos.de\/html\/biografie-die-90er-jahre\"><img loading=\"lazy\" class=\"alignnone wp-image-2474 size-full\" src=\"https:\/\/mary-roos.de\/html\/wp-content\/uploads\/2022\/07\/button_90er.jpg\" alt=\"\" width=\"120\" height=\"60\" \/><\/a> <a href=\"https:\/\/mary-roos.de\/html\/biografie-die-2000er-jahre-teil-1\"><img loading=\"lazy\" class=\"alignnone wp-image-2475 size-full\" src=\"https:\/\/mary-roos.de\/html\/wp-content\/uploads\/2022\/07\/button_2000er.jpg\" alt=\"\" width=\"120\" height=\"60\" \/><\/a> <img loading=\"lazy\" class=\"alignnone wp-image-2489 size-full\" src=\"https:\/\/mary-roos.de\/html\/wp-content\/uploads\/2022\/07\/button_2010er_aktiv.jpg\" alt=\"\" width=\"120\" height=\"60\" \/> <a href=\"https:\/\/mary-roos.de\/html\/biografie-die-2020er-jahre\"><img loading=\"lazy\" class=\"alignnone size-full wp-image-2477\" src=\"https:\/\/mary-roos.de\/html\/wp-content\/uploads\/2022\/07\/button_2020er.jpg\" alt=\"\" width=\"120\" height=\"60\" \/><\/a><\/p>\n<p>&nbsp;<\/p>\n<h4 style=\"text-align: left;\">Die 2010er Jahre<\/h4>\n<hr \/>\n<p>Die intensive Reflektion, das ziellose Verweilen spiegelt der Titel ihres Albums &#8222;Bis hierhin&#8230; und weiter&#8220; (2011) wieder, denn f\u00fcr das &#8222;weiter&#8220; hat sie sich Zeit genommen, Ideen reifen lassen, verschiedene Songs mit ganz unterschiedlichen Produzenten aufgenommen, laute und leise T\u00f6ne gefunden, um nun &#8211; wieder den Blick nach vorn &#8211; ihren Weg weiter zu gehen. &#8222;Moment&#8220; hei\u00dft ein ganz wunderbarer Song ihres Albums, den hat sie sich geg\u00f6nnt, ganz einfach so. Daf\u00fcr entsch\u00e4digte sie auf ihrer CD mit einer ganzen Wundert\u00fcte an neuen kostbaren Songs, die sie gesammelt hat.<\/p>\n<p>Auch \u201eBis hierher und weiter\u201c wurde wieder von Michael Reinecke produziert. An den Erfolg des Albums \u201eMittendrin\u201c konnte die Produktion aber nicht heranreichen. Der in dieser Zeit entstandene Titel \u201eMein Sohn\u201c entwickelte sich in k\u00fcrzester Zeit zum Radio- und Kulthit.<\/p>\n<p>Mary geh\u00f6rt nach wie vor zu den gefragtesten S\u00e4ngerinnen in Deutschland, es vergeht kein Monat in dem sie nicht mindestens einmal im Fernsehen pr\u00e4sent ist. Besonders bei \u201eWillkommen bei Carmen Nebel\u201c und den \u201eFesten mit Florian Silbereisen\u201c ist sie h\u00e4ufiger Gast.<\/p>\n<p>&nbsp;<\/p>\n<p><iframe loading=\"lazy\" title=\"YouTube video player\" src=\"https:\/\/www.youtube.com\/embed\/yMucDb_fpn8\" width=\"900\" height=\"500\" frameborder=\"0\" allowfullscreen=\"allowfullscreen\"><\/iframe><\/p>\n<p>&nbsp;<\/p>\n<p>2013 steht ganz in ihrem im Zeichen. Sie unterschreibt einen Vertrag mit Universal Music. Im April erscheint das von Roberto Di Gioia produzierte Album \u201eDenk was du willst\u201c, das mit der schlagerhaften Mary Roos nur noch sehr wenig zu tun hat. Intelligente und witzige Texte verbinden sich hervorragend mit Bossa-Nova-, swingigen- und Jazz-Rhythmen. In den amazon-Jazz-Charts erreicht sie direkt nach der Ver\u00f6ffentlichung Platz 2. Im Mai finden erste Solo-Konzerte in Berlin, K\u00f6ln und Hamburg statt.<\/p>\n<p><strong>Bis hierhin&#8230; und weiter \u2013 mehr \u00fcber die folgenden Jahre demn\u00e4chst!<\/strong><\/p>\n<p>&nbsp;<\/p>\n<p><iframe loading=\"lazy\" title=\"YouTube video player\" src=\"https:\/\/www.youtube.com\/embed\/_Uv_TSwJkxs\" width=\"900\" height=\"500\" frameborder=\"0\" allowfullscreen=\"allowfullscreen\"><\/iframe><\/p>\n<p><strong>Stein auf Stein \u2013 Musikvideo zum Album &#8222;Ab jetzt nur noch Zugaben!&#8220;,<br \/>\ngewidmet allen M\u00fcttern und Gro\u00dfm\u00fcttern, die Deutschland nach dem Krieg wieder mit aufgebaut haben.<\/strong><\/p>\n<p>&nbsp;<\/p>\n<p><iframe loading=\"lazy\" title=\"YouTube video player\" src=\"https:\/\/www.youtube.com\/embed\/WPmFdy4ooi0\" width=\"900\" height=\"500\" frameborder=\"0\" allowfullscreen=\"allowfullscreen\"><\/iframe><br \/>\n<strong>Trailer von VOX zu &#8222;Sing meinen Song&#8220; mit Mary Roos \u2013 Mai 2018<\/strong><\/p>\n<p>&nbsp;<\/p>\n<p><iframe loading=\"lazy\" title=\"YouTube video player\" src=\"https:\/\/www.youtube.com\/embed\/ewxsAshSvcI\" width=\"900\" height=\"500\" frameborder=\"0\" allowfullscreen=\"allowfullscreen\"><\/iframe><br \/>\n<strong>Trailer der MEWES Entertainment Group GmbH zur Mary Roos-Tour 2018\/2019<\/strong><\/p>\n<p>&nbsp;<\/p>\n<p><iframe loading=\"lazy\" title=\"YouTube video player\" src=\"https:\/\/www.youtube.com\/embed\/v0_5yJGUAsI\" width=\"900\" height=\"500\" frameborder=\"0\" allowfullscreen=\"allowfullscreen\"><\/iframe><br \/>\n<strong>Mary Roos gibt ihr Abschiedskonzert in Stuttgart \u2013 2019<\/strong><br \/>\nDas SWR4 Baden-W\u00fcrttemberg Festival hatte einen ganz besonderen Schlusspunkt: Mary Roos verabschiedete sich nach 62 Jahren auf der B\u00fchne. Aber der Tag hatte ein paar \u00dcberraschungen f\u00fcr die Schlagers\u00e4ngerin &#8211; und einige Stars haben sich ganz pers\u00f6nlich von ihr verabschiedet. (Textquelle: SWR\/YouTube)<\/p>\n<p>&nbsp;<\/p>\n<h4><a href=\"https:\/\/www.youtube.com\/channel\/UCasReoXlOCac6vXeLbEm7Iw\/playlists\"><img loading=\"lazy\" class=\"alignright wp-image-2379\" src=\"https:\/\/mary-roos.de\/html\/wp-content\/uploads\/2022\/07\/button_youtube-300x300.png\" alt=\"\" width=\"50\" height=\"50\" srcset=\"https:\/\/mary-roos.de\/html\/wp-content\/uploads\/2022\/07\/button_youtube-300x300.png 300w, https:\/\/mary-roos.de\/html\/wp-content\/uploads\/2022\/07\/button_youtube-150x150.png 150w, https:\/\/mary-roos.de\/html\/wp-content\/uploads\/2022\/07\/button_youtube.png 456w\" sizes=\"(max-width: 50px) 100vw, 50px\" \/><\/a><a href=\"https:\/\/www.instagram.com\/maryroosofficial\/\"><img loading=\"lazy\" class=\"alignnone wp-image-2378 alignright\" src=\"https:\/\/mary-roos.de\/html\/wp-content\/uploads\/2022\/07\/button_instagram-297x300.png\" alt=\"\" width=\"50\" height=\"50\" srcset=\"https:\/\/mary-roos.de\/html\/wp-content\/uploads\/2022\/07\/button_instagram-297x300.png 297w, https:\/\/mary-roos.de\/html\/wp-content\/uploads\/2022\/07\/button_instagram-150x150.png 150w, https:\/\/mary-roos.de\/html\/wp-content\/uploads\/2022\/07\/button_instagram.png 459w\" sizes=\"(max-width: 50px) 100vw, 50px\" \/><\/a><a href=\"https:\/\/www.facebook.com\/Maryroos.de\/\"><img loading=\"lazy\" class=\"alignright wp-image-2377\" src=\"https:\/\/mary-roos.de\/html\/wp-content\/uploads\/2022\/07\/button_facebook-150x150.png\" alt=\"\" width=\"50\" height=\"50\" srcset=\"https:\/\/mary-roos.de\/html\/wp-content\/uploads\/2022\/07\/button_facebook-150x150.png 150w, https:\/\/mary-roos.de\/html\/wp-content\/uploads\/2022\/07\/button_facebook-300x300.png 300w, https:\/\/mary-roos.de\/html\/wp-content\/uploads\/2022\/07\/button_facebook.png 457w\" sizes=\"(max-width: 50px) 100vw, 50px\" \/><\/a><\/h4>\n<h4><\/h4>\n","protected":false},"excerpt":{"rendered":"<p>&nbsp; Die 2010er Jahre Die intensive Reflektion, das ziellose Verweilen spiegelt der Titel ihres Albums &#8222;Bis hierhin&#8230; und weiter&#8220; (2011) wieder, denn f\u00fcr das &#8222;weiter&#8220; hat sie sich Zeit genommen, Ideen reifen lassen, verschiedene Songs mit ganz unterschiedlichen Produzenten aufgenommen, laute und leise T\u00f6ne gefunden, um nun &#8211; wieder den Blick nach vorn &#8211; ihren [&hellip;]<\/p>\n","protected":false},"author":1,"featured_media":0,"parent":0,"menu_order":0,"comment_status":"closed","ping_status":"closed","template":"","meta":[],"_links":{"self":[{"href":"https:\/\/mary-roos.de\/html\/wp-json\/wp\/v2\/pages\/2265"}],"collection":[{"href":"https:\/\/mary-roos.de\/html\/wp-json\/wp\/v2\/pages"}],"about":[{"href":"https:\/\/mary-roos.de\/html\/wp-json\/wp\/v2\/types\/page"}],"author":[{"embeddable":true,"href":"https:\/\/mary-roos.de\/html\/wp-json\/wp\/v2\/users\/1"}],"replies":[{"embeddable":true,"href":"https:\/\/mary-roos.de\/html\/wp-json\/wp\/v2\/comments?post=2265"}],"version-history":[{"count":20,"href":"https:\/\/mary-roos.de\/html\/wp-json\/wp\/v2\/pages\/2265\/revisions"}],"predecessor-version":[{"id":2491,"href":"https:\/\/mary-roos.de\/html\/wp-json\/wp\/v2\/pages\/2265\/revisions\/2491"}],"wp:attachment":[{"href":"https:\/\/mary-roos.de\/html\/wp-json\/wp\/v2\/media?parent=2265"}],"curies":[{"name":"wp","href":"https:\/\/api.w.org\/{rel}","templated":true}]}}