{"id":2257,"date":"2022-07-01T10:08:18","date_gmt":"2022-07-01T08:08:18","guid":{"rendered":"https:\/\/mary-roos.de\/html\/?page_id=2257"},"modified":"2022-07-06T10:12:04","modified_gmt":"2022-07-06T08:12:04","slug":"biografie-die-2000er-jahre-teil-2","status":"publish","type":"page","link":"https:\/\/mary-roos.de\/html\/biografie-die-2000er-jahre-teil-2","title":{"rendered":"Biografie \u2013 Die 2000er Jahre &#8211; Teil 2"},"content":{"rendered":"<p style=\"text-align: left;\"><a href=\"https:\/\/mary-roos.de\/html\/biographie\"><img loading=\"lazy\" class=\"alignnone size-full wp-image-2478\" src=\"https:\/\/mary-roos.de\/html\/wp-content\/uploads\/2022\/07\/button_anfaenge.jpg\" alt=\"\" width=\"120\" height=\"60\" \/><\/a> <a href=\"https:\/\/mary-roos.de\/html\/biografie-die-70er-jahre-teil-1\"><img loading=\"lazy\" class=\"alignnone size-full wp-image-2472\" src=\"https:\/\/mary-roos.de\/html\/wp-content\/uploads\/2022\/07\/button_70er.jpg\" alt=\"\" width=\"120\" height=\"60\" \/><\/a> <a href=\"https:\/\/mary-roos.de\/html\/biografie-die-80er-jahre-teil-1\"><img loading=\"lazy\" class=\"alignnone size-full wp-image-2473\" src=\"https:\/\/mary-roos.de\/html\/wp-content\/uploads\/2022\/07\/button_80er.jpg\" alt=\"\" width=\"120\" height=\"60\" \/><\/a> <a href=\"https:\/\/mary-roos.de\/html\/biografie-die-90er-jahre\"><img loading=\"lazy\" class=\"alignnone wp-image-2474 size-full\" src=\"https:\/\/mary-roos.de\/html\/wp-content\/uploads\/2022\/07\/button_90er.jpg\" alt=\"\" width=\"120\" height=\"60\" \/><\/a> <img loading=\"lazy\" class=\"alignnone wp-image-2480 size-full\" src=\"https:\/\/mary-roos.de\/html\/wp-content\/uploads\/2022\/07\/button_2000er_aktiv.jpg\" alt=\"\" width=\"120\" height=\"60\" \/> <a href=\"https:\/\/mary-roos.de\/html\/biografie-die-2010er-jahre\"><img loading=\"lazy\" class=\"alignnone size-full wp-image-2476\" src=\"https:\/\/mary-roos.de\/html\/wp-content\/uploads\/2022\/07\/button_2010er.jpg\" alt=\"\" width=\"120\" height=\"60\" \/><\/a> <a href=\"https:\/\/mary-roos.de\/html\/biografie-die-2020er-jahre\"><img loading=\"lazy\" class=\"alignnone size-full wp-image-2477\" src=\"https:\/\/mary-roos.de\/html\/wp-content\/uploads\/2022\/07\/button_2020er.jpg\" alt=\"\" width=\"120\" height=\"60\" \/><\/a><\/p>\n<p>&nbsp;<\/p>\n<h4 style=\"text-align: left;\">Die 2000er Jahre &#8211; Teil 2<\/h4>\n<hr \/>\n<p>Im Zuge des Erfolgs ist Marys Terminkalender 2005 mehr als \u00fcbervoll. Das NDR-Fernsehen produziert ein 105-min\u00fctiges Mary Roos-Spezial und das TV-Publikum reagiert zahlreich und begeistert auf den humorvollen Schlagabtausch, den sich Mary Roos und J\u00f6rg Kachelmann in der MDR-Talk-Sendung &#8218;Kachelmanns Sp\u00e4tausgabe&#8216; liefern.<\/p>\n<p>Nachdem Mary sich in der zweiten Jahresh\u00e4lfte 2006 ein wenig rar gemacht hat, erscheint im Januar 2007 als Vorab-Auskopplung aus ihrem neuesten Album &#8218;Hautnah&#8216; die Single &#8218;Hautnah will ich leben&#8216;. Das Album wird ein voller Erfolg. Mary nimmt mit dem Belgier Frank Michael den Titel &#8218;Wei\u00dft du noch&#8216; (Je N&#8217;oublie Pas) auf und stellt mit ihm den Song unter anderem bei Carmen Nebel im ZDF vor. Zur Weihnachtstour mit Marianne und Michael erscheint eine Sonderedition von &#8218;Hautnah&#8216; mit den Bonustracks: &#8218;Wei\u00dft du noch&#8216;, &#8218;Einmal um die Welt&#8216;, &#8218;Sommer&#8216;, &#8218;Wahnsinn&#8216; und &#8218;Mein Sohn&#8216;.<\/p>\n<p>&nbsp;<\/p>\n<p><iframe loading=\"lazy\" title=\"YouTube video player\" src=\"https:\/\/www.youtube.com\/embed\/8eM8rcrBiO4\" width=\"900\" height=\"500\" frameborder=\"0\" allowfullscreen=\"allowfullscreen\"><\/iframe><\/p>\n<p>&nbsp;<\/p>\n<p>Auch in 2008 trifft man Mary Roos auf zahlreichen nationalen B\u00fchnen, bei Funk und Fernsehen und \u00fcberall trifft die humorvolle Powerfrau auf eine gro\u00dfe Fangemeinde. Den Sp\u00e4tsommer widmet sich Mary einer neuen Albumproduktion mit dem Team Reinecke\/Menke.<\/p>\n<p>Im M\u00e4rz 2009 erscheint &#8218;Gezeiten&#8216; mit der Vorab-Auskoppelung &#8218;Nobody&#8217;s perfect&#8220;. Auf &#8222;Gezeiten&#8220; nimmt Mary Roos mit auf eine Reise an den Strand des Lebens mit Titeln wie &#8222;Weit, weit weg&#8220; oder &#8222;Wo sind all die Jahre nur geblieben&#8220; und ans Meer, das sie liebt. Dort musste sie noch etwas verweilen, nachdenken \u00fcber das was gewesen ist, aber vor allem \u00fcber das, was jetzt ist. Eine Atempause.<\/p>\n<p>&nbsp;<\/p>\n<p><iframe loading=\"lazy\" title=\"YouTube video player\" src=\"https:\/\/www.youtube.com\/embed\/u3pQ62noxkA?start=134\" width=\"900\" height=\"500\" frameborder=\"0\" allowfullscreen=\"allowfullscreen\"><\/iframe><\/p>\n<p>&nbsp;<\/p>\n<p>Ein lang gehegter Wunsch erf\u00fcllt sich f\u00fcr Mary Roos im Oktober: Am 30.10.2009 erscheint das Album &#8218;Amour Toujours &#8211; The French Song Collection 1972-1975&#8216; mit 21 Titeln ihrer Musik-Karriere in Frankreich.<\/p>\n<p><strong><a href=\"https:\/\/mary-roos.de\/html\/biografie-die-2000er-jahre-teil-1\">Die 2000er Jahre \u2013 Teil 1<\/a>\u00a0 <\/strong><\/p>\n<h4><a href=\"https:\/\/www.youtube.com\/channel\/UCasReoXlOCac6vXeLbEm7Iw\/playlists\"><img loading=\"lazy\" class=\"alignright wp-image-2379\" src=\"https:\/\/mary-roos.de\/html\/wp-content\/uploads\/2022\/07\/button_youtube-300x300.png\" alt=\"\" width=\"50\" height=\"50\" srcset=\"https:\/\/mary-roos.de\/html\/wp-content\/uploads\/2022\/07\/button_youtube-300x300.png 300w, https:\/\/mary-roos.de\/html\/wp-content\/uploads\/2022\/07\/button_youtube-150x150.png 150w, https:\/\/mary-roos.de\/html\/wp-content\/uploads\/2022\/07\/button_youtube.png 456w\" sizes=\"(max-width: 50px) 100vw, 50px\" \/><\/a><a href=\"https:\/\/www.instagram.com\/maryroosofficial\/\"><img loading=\"lazy\" class=\"alignnone wp-image-2378 alignright\" src=\"https:\/\/mary-roos.de\/html\/wp-content\/uploads\/2022\/07\/button_instagram-297x300.png\" alt=\"\" width=\"50\" height=\"50\" srcset=\"https:\/\/mary-roos.de\/html\/wp-content\/uploads\/2022\/07\/button_instagram-297x300.png 297w, https:\/\/mary-roos.de\/html\/wp-content\/uploads\/2022\/07\/button_instagram-150x150.png 150w, https:\/\/mary-roos.de\/html\/wp-content\/uploads\/2022\/07\/button_instagram.png 459w\" sizes=\"(max-width: 50px) 100vw, 50px\" \/><\/a><a href=\"https:\/\/www.facebook.com\/Maryroos.de\/\"><img loading=\"lazy\" class=\"alignright wp-image-2377\" src=\"https:\/\/mary-roos.de\/html\/wp-content\/uploads\/2022\/07\/button_facebook-150x150.png\" alt=\"\" width=\"50\" height=\"50\" srcset=\"https:\/\/mary-roos.de\/html\/wp-content\/uploads\/2022\/07\/button_facebook-150x150.png 150w, https:\/\/mary-roos.de\/html\/wp-content\/uploads\/2022\/07\/button_facebook-300x300.png 300w, https:\/\/mary-roos.de\/html\/wp-content\/uploads\/2022\/07\/button_facebook.png 457w\" sizes=\"(max-width: 50px) 100vw, 50px\" \/><\/a><\/h4>\n<h4><\/h4>\n","protected":false},"excerpt":{"rendered":"<p>&nbsp; Die 2000er Jahre &#8211; Teil 2 Im Zuge des Erfolgs ist Marys Terminkalender 2005 mehr als \u00fcbervoll. Das NDR-Fernsehen produziert ein 105-min\u00fctiges Mary Roos-Spezial und das TV-Publikum reagiert zahlreich und begeistert auf den humorvollen Schlagabtausch, den sich Mary Roos und J\u00f6rg Kachelmann in der MDR-Talk-Sendung &#8218;Kachelmanns Sp\u00e4tausgabe&#8216; liefern. Nachdem Mary sich in der zweiten [&hellip;]<\/p>\n","protected":false},"author":1,"featured_media":0,"parent":0,"menu_order":0,"comment_status":"closed","ping_status":"closed","template":"","meta":[],"_links":{"self":[{"href":"https:\/\/mary-roos.de\/html\/wp-json\/wp\/v2\/pages\/2257"}],"collection":[{"href":"https:\/\/mary-roos.de\/html\/wp-json\/wp\/v2\/pages"}],"about":[{"href":"https:\/\/mary-roos.de\/html\/wp-json\/wp\/v2\/types\/page"}],"author":[{"embeddable":true,"href":"https:\/\/mary-roos.de\/html\/wp-json\/wp\/v2\/users\/1"}],"replies":[{"embeddable":true,"href":"https:\/\/mary-roos.de\/html\/wp-json\/wp\/v2\/comments?post=2257"}],"version-history":[{"count":12,"href":"https:\/\/mary-roos.de\/html\/wp-json\/wp\/v2\/pages\/2257\/revisions"}],"predecessor-version":[{"id":2487,"href":"https:\/\/mary-roos.de\/html\/wp-json\/wp\/v2\/pages\/2257\/revisions\/2487"}],"wp:attachment":[{"href":"https:\/\/mary-roos.de\/html\/wp-json\/wp\/v2\/media?parent=2257"}],"curies":[{"name":"wp","href":"https:\/\/api.w.org\/{rel}","templated":true}]}}