{"id":2251,"date":"2022-07-01T09:54:20","date_gmt":"2022-07-01T07:54:20","guid":{"rendered":"https:\/\/mary-roos.de\/html\/?page_id=2251"},"modified":"2022-07-06T13:40:05","modified_gmt":"2022-07-06T11:40:05","slug":"biografie-die-2000er-jahre-teil-1","status":"publish","type":"page","link":"https:\/\/mary-roos.de\/html\/biografie-die-2000er-jahre-teil-1","title":{"rendered":"Biografie \u2013 Die 2000er Jahre &#8211; Teil 1"},"content":{"rendered":"<p style=\"text-align: left;\"><a href=\"https:\/\/mary-roos.de\/html\/biographie\"><img loading=\"lazy\" class=\"alignnone size-full wp-image-2478\" src=\"https:\/\/mary-roos.de\/html\/wp-content\/uploads\/2022\/07\/button_anfaenge.jpg\" alt=\"\" width=\"120\" height=\"60\" \/><\/a> <a href=\"https:\/\/mary-roos.de\/html\/biografie-die-70er-jahre-teil-1\"><img loading=\"lazy\" class=\"alignnone size-full wp-image-2472\" src=\"https:\/\/mary-roos.de\/html\/wp-content\/uploads\/2022\/07\/button_70er.jpg\" alt=\"\" width=\"120\" height=\"60\" \/><\/a> <a href=\"https:\/\/mary-roos.de\/html\/biografie-die-80er-jahre-teil-1\"><img loading=\"lazy\" class=\"alignnone size-full wp-image-2473\" src=\"https:\/\/mary-roos.de\/html\/wp-content\/uploads\/2022\/07\/button_80er.jpg\" alt=\"\" width=\"120\" height=\"60\" \/><\/a> <a href=\"https:\/\/mary-roos.de\/html\/biografie-die-90er-jahre\"><img loading=\"lazy\" class=\"alignnone wp-image-2474 size-full\" src=\"https:\/\/mary-roos.de\/html\/wp-content\/uploads\/2022\/07\/button_90er.jpg\" alt=\"\" width=\"120\" height=\"60\" \/><\/a> <img loading=\"lazy\" class=\"alignnone wp-image-2480 size-full\" src=\"https:\/\/mary-roos.de\/html\/wp-content\/uploads\/2022\/07\/button_2000er_aktiv.jpg\" alt=\"\" width=\"120\" height=\"60\" \/> <a href=\"https:\/\/mary-roos.de\/html\/biografie-die-2010er-jahre\"><img loading=\"lazy\" class=\"alignnone size-full wp-image-2476\" src=\"https:\/\/mary-roos.de\/html\/wp-content\/uploads\/2022\/07\/button_2010er.jpg\" alt=\"\" width=\"120\" height=\"60\" \/><\/a> <a href=\"https:\/\/mary-roos.de\/html\/biografie-die-2020er-jahre\"><img loading=\"lazy\" class=\"alignnone size-full wp-image-2477\" src=\"https:\/\/mary-roos.de\/html\/wp-content\/uploads\/2022\/07\/button_2020er.jpg\" alt=\"\" width=\"120\" height=\"60\" \/><\/a><\/p>\n<p>&nbsp;<\/p>\n<h4 style=\"text-align: left;\">Die 2000er Jahre &#8211; Teil 1<\/h4>\n<hr \/>\n<p>Unvermuteter Weise entwickelt sich auch der Bonus-Track des &#8218;Mittendrin&#8216;-Longplayers, der wenig zu dessen anderen Titeln passt und nur als Promo-Single ver\u00f6ffentlicht wird, zu einem Kult-Hit: Kaum ein TV-Auftritt im Jahr 2000, bei dem Mary nicht &#8218;Einmal um die Welt&#8216; anstimmen soll.<\/p>\n<p>2001 ver\u00f6ffentlichen Michael Reinecke, Alexander Menke und Mary Roos den Longplayer &#8218;Roosige Zeiten&#8216;. Das Album ist abwechslungsreich und h\u00e4lt ein paar ausgesprochen gelungene Titel bereit, wie z. B. &#8218;K\u00f6nigin der Nacht&#8216; , und mit den Singles &#8218;M\u00e4nner wie du&#8216; und &#8218;Ich schweb in Liebesgefahr&#8216; platziert sich Mary in den Schlager-Airplaycharts. Trotzdem: Unter dem Druck der vorangegangenen Erfolge ger\u00e4t die Produktion zu bem\u00fcht und verfehlt am Ende die an sie gestellten Erwartungen. Au\u00dferdem sperren sich in letzter Zeit einige Redakteure gegen Mary Roos&#8216; temporeichere Songs. Auf Marys Terminkalender hat diese Tatsache freilich keine Auswirkung: Allein im TV ist sie 2001 mehr als 50 Mal vertreten und bricht damit in ihrem Metier wohl s\u00e4mtliche Rekorde.<\/p>\n<p>&nbsp;<\/p>\n<p><iframe loading=\"lazy\" title=\"YouTube video player\" src=\"https:\/\/www.youtube.com\/embed\/qidhk9GZRWQ\" width=\"900\" height=\"500\" frameborder=\"0\" allowfullscreen=\"allowfullscreen\"><\/iframe><\/p>\n<p>&nbsp;<\/p>\n<p>Das n\u00e4chste Album gelingt betr\u00e4chtlich besser: Mary k\u00e4mpft st\u00e4rker denn je f\u00fcr oder gegen einzelne Songs und setzt ihre Interessen am Ende gut durch. &#8218;Achterbahn&#8216; aus dem Jahr 2003 vereint Disco (&#8218;Wir fahr&#8217;n Achterbahn&#8216; ) mit Swing (&#8218;Shiny Stockings&#8216; ), Pop (&#8218;In der Mitte meines Lebens&#8216; ), Schlager (&#8218;Blaues Meer und warmer Wind&#8216; ) und Chanson (die Herman van Veen-Adaption &#8218;Ich hab ein z\u00e4rtliches Gef\u00fchl&#8216; ). Die Single-Auskopplungen sind ungemein erfolgreich: &#8218;Wir fahr&#8217;n Achterbahn&#8216; erreicht Platz 1 der deutschen DJ-Charts, &#8218;Blaues Meer und warmer Wind&#8216; und &#8218;Alle Menschen werden Br\u00fcder&#8216; erreichen den ersten Platz der Schlager-Airplaycharts von Media Control. Mit &#8218;In der Mitte meines Lebens&#8216; kann Mary Roos sich sogar neben deutschsprachigen Kollegen wie Xavier Naidoo, Herbert Gr\u00f6nemeyer, Sabrina Setlur und den \u00c4rzten an der Spitze der allgemeinen nationalen Airplaycharts behaupten. In den Schlager-Airplaycharts belegt der autobiografische Titel drei Wochen hintereinander den ersten Platz und auch in einigen belgischen Radio-Charts klettert er bis auf die Spitzenposition. Im Zuge ihrer zahlreichen Erfolge wird Mary Roos mit dem Schlagerpreis 2004 des NDR ausgezeichnet. Eine verbale Auszeichnung \u00fcberreicht ihr kurz darauf Axel Bulthaupt, der Mary in einem Interview als &#8218;ein Urgestein der deutschen Musikszene&#8216; bezeichnet.<\/p>\n<p>&nbsp;<\/p>\n<p><iframe loading=\"lazy\" title=\"YouTube video player\" src=\"https:\/\/www.youtube.com\/embed\/1QyrlPRkJxQ\" width=\"900\" height=\"500\" frameborder=\"0\" allowfullscreen=\"allowfullscreen\"><\/iframe><\/p>\n<p>&nbsp;<\/p>\n<p>Auch bei den Aufnahmen f\u00fcr ihr aktuelles und inzwischen ausgesprochen erfolgreiches Album &#8218;Leben&#8216; zeigt Mary Roos Z\u00e4hne und legt einen niveauvollen und von den Medien viel gelobten Longplayer vor, auf dem sie sich textlich authentisch und musikalisch sicher durch die unterschiedlichsten Stilrichtungen bewegt: In bew\u00e4hrter Tradition arbeitet sie im Team mit M. Reinecke und A. Menke zusammen, l\u00e4sst einige ihrer Gedanken aber auch von Gast-Autoren wie Alexander Kemp (&#8218;Lass mir noch etwas Zeit&#8216; ), &#8218;Fr\u00e4ulein&#8216; Franziska Menke (&#8218;Samba&#8216; ) und Annett Louisans &#8218;Haus&#8216;-Texter und Produzent Frank Ramond (u. a. &#8218;Zur\u00fcck zu mir&#8216; ) in Worte fassen. Gro\u00dfe Beachtung finden ihre Balladen &#8218;Zu sch\u00f6n um wahr zu sein&#8216; , &#8218;F\u00fcr immer&#8216; und &#8218;Mein Sohn&#8216; . Insbesondere auf letztgenannte erh\u00e4lt Mary Roos unz\u00e4hlige positive Resonanzen. Mit weiteren Titeln pr\u00e4sentiert Mary sich z. B. im Motown-Stil (&#8218;Wahnsinn &#8211; was alles geht&#8216; ) oder mit einer Brise Reggae (&#8218;Sommer&#8216; ).<\/p>\n<p>&nbsp;<\/p>\n<p><iframe loading=\"lazy\" title=\"YouTube video player\" src=\"https:\/\/www.youtube.com\/embed\/A6UVyEs3Xcw\" width=\"900\" height=\"500\" frameborder=\"0\" allowfullscreen=\"allowfullscreen\"><\/iframe><\/p>\n<p>&nbsp;<\/p>\n<p>Zur gro\u00dfen Freude ihrer Fans nimmt sie ihre Fassung der Antonio Carlos Jobim-Bossa Nova &#8218;\u00c1guas de mar\u00e7o&#8216;, &#8218;Ein Hund, eine Katze und eine Maus&#8216; (Text: Michael Kunze) &#8211; die 1973 unver\u00f6ffentlicht blieb &#8211; mit dem Rundfunkorchester des SWR neu auf. Allen Freunden der franz\u00f6sischen Sprache beschert Mary Roos mit &#8218;Attention fragile&#8216; eine Neufassung ihres 1999er-Popsongs &#8218;Vorsicht zerbrechlich&#8216;.<\/p>\n<p><strong><a href=\"https:\/\/mary-roos.de\/html\/biografie-die-2000er-jahre-teil-2\">Die 2000er Jahre \u2013 Teil 2<\/a><\/strong><\/p>\n<p>&nbsp;<\/p>\n<h4><a href=\"https:\/\/www.youtube.com\/channel\/UCasReoXlOCac6vXeLbEm7Iw\/playlists\"><img loading=\"lazy\" class=\"alignright wp-image-2379\" src=\"https:\/\/mary-roos.de\/html\/wp-content\/uploads\/2022\/07\/button_youtube-300x300.png\" alt=\"\" width=\"50\" height=\"50\" srcset=\"https:\/\/mary-roos.de\/html\/wp-content\/uploads\/2022\/07\/button_youtube-300x300.png 300w, https:\/\/mary-roos.de\/html\/wp-content\/uploads\/2022\/07\/button_youtube-150x150.png 150w, https:\/\/mary-roos.de\/html\/wp-content\/uploads\/2022\/07\/button_youtube.png 456w\" sizes=\"(max-width: 50px) 100vw, 50px\" \/><\/a><a href=\"https:\/\/www.instagram.com\/maryroosofficial\/\"><img loading=\"lazy\" class=\"alignnone wp-image-2378 alignright\" src=\"https:\/\/mary-roos.de\/html\/wp-content\/uploads\/2022\/07\/button_instagram-297x300.png\" alt=\"\" width=\"50\" height=\"50\" srcset=\"https:\/\/mary-roos.de\/html\/wp-content\/uploads\/2022\/07\/button_instagram-297x300.png 297w, https:\/\/mary-roos.de\/html\/wp-content\/uploads\/2022\/07\/button_instagram-150x150.png 150w, https:\/\/mary-roos.de\/html\/wp-content\/uploads\/2022\/07\/button_instagram.png 459w\" sizes=\"(max-width: 50px) 100vw, 50px\" \/><\/a><a href=\"https:\/\/www.facebook.com\/Maryroos.de\/\"><img loading=\"lazy\" class=\"alignright wp-image-2377\" src=\"https:\/\/mary-roos.de\/html\/wp-content\/uploads\/2022\/07\/button_facebook-150x150.png\" alt=\"\" width=\"50\" height=\"50\" srcset=\"https:\/\/mary-roos.de\/html\/wp-content\/uploads\/2022\/07\/button_facebook-150x150.png 150w, https:\/\/mary-roos.de\/html\/wp-content\/uploads\/2022\/07\/button_facebook-300x300.png 300w, https:\/\/mary-roos.de\/html\/wp-content\/uploads\/2022\/07\/button_facebook.png 457w\" sizes=\"(max-width: 50px) 100vw, 50px\" \/><\/a><\/h4>\n<h4><\/h4>\n","protected":false},"excerpt":{"rendered":"<p>&nbsp; Die 2000er Jahre &#8211; Teil 1 Unvermuteter Weise entwickelt sich auch der Bonus-Track des &#8218;Mittendrin&#8216;-Longplayers, der wenig zu dessen anderen Titeln passt und nur als Promo-Single ver\u00f6ffentlicht wird, zu einem Kult-Hit: Kaum ein TV-Auftritt im Jahr 2000, bei dem Mary nicht &#8218;Einmal um die Welt&#8216; anstimmen soll. 2001 ver\u00f6ffentlichen Michael Reinecke, Alexander Menke und [&hellip;]<\/p>\n","protected":false},"author":1,"featured_media":0,"parent":0,"menu_order":0,"comment_status":"closed","ping_status":"closed","template":"","meta":[],"_links":{"self":[{"href":"https:\/\/mary-roos.de\/html\/wp-json\/wp\/v2\/pages\/2251"}],"collection":[{"href":"https:\/\/mary-roos.de\/html\/wp-json\/wp\/v2\/pages"}],"about":[{"href":"https:\/\/mary-roos.de\/html\/wp-json\/wp\/v2\/types\/page"}],"author":[{"embeddable":true,"href":"https:\/\/mary-roos.de\/html\/wp-json\/wp\/v2\/users\/1"}],"replies":[{"embeddable":true,"href":"https:\/\/mary-roos.de\/html\/wp-json\/wp\/v2\/comments?post=2251"}],"version-history":[{"count":24,"href":"https:\/\/mary-roos.de\/html\/wp-json\/wp\/v2\/pages\/2251\/revisions"}],"predecessor-version":[{"id":2568,"href":"https:\/\/mary-roos.de\/html\/wp-json\/wp\/v2\/pages\/2251\/revisions\/2568"}],"wp:attachment":[{"href":"https:\/\/mary-roos.de\/html\/wp-json\/wp\/v2\/media?parent=2251"}],"curies":[{"name":"wp","href":"https:\/\/api.w.org\/{rel}","templated":true}]}}