{"id":2236,"date":"2022-07-01T09:30:16","date_gmt":"2022-07-01T07:30:16","guid":{"rendered":"https:\/\/mary-roos.de\/html\/?page_id=2236"},"modified":"2022-07-06T10:43:55","modified_gmt":"2022-07-06T08:43:55","slug":"biografie-die-80er-jahre-teil-2","status":"publish","type":"page","link":"https:\/\/mary-roos.de\/html\/biografie-die-80er-jahre-teil-2","title":{"rendered":"Biografie \u2013 Die 80er Jahre &#8211; Teil 2"},"content":{"rendered":"<p style=\"text-align: left;\"><a href=\"https:\/\/mary-roos.de\/html\/biographie\"><img loading=\"lazy\" class=\"alignnone size-full wp-image-2478\" src=\"https:\/\/mary-roos.de\/html\/wp-content\/uploads\/2022\/07\/button_anfaenge.jpg\" alt=\"\" width=\"120\" height=\"60\" \/><\/a> <a href=\"https:\/\/mary-roos.de\/html\/biografie-die-70er-jahre-teil-1\"><img loading=\"lazy\" class=\"alignnone size-full wp-image-2472\" src=\"https:\/\/mary-roos.de\/html\/wp-content\/uploads\/2022\/07\/button_70er.jpg\" alt=\"\" width=\"120\" height=\"60\" \/><\/a> <img loading=\"lazy\" class=\"alignnone wp-image-2504 size-full\" src=\"https:\/\/mary-roos.de\/html\/wp-content\/uploads\/2022\/07\/button_80er_aktiv.jpg\" alt=\"\" width=\"120\" height=\"60\" \/> <a href=\"https:\/\/mary-roos.de\/html\/biografie-die-90er-jahre\"><img loading=\"lazy\" class=\"alignnone wp-image-2474 size-full\" src=\"https:\/\/mary-roos.de\/html\/wp-content\/uploads\/2022\/07\/button_90er.jpg\" alt=\"\" width=\"120\" height=\"60\" \/><\/a> <a href=\"https:\/\/mary-roos.de\/html\/biografie-die-2000er-jahre-teil-1\"><img loading=\"lazy\" class=\"alignnone wp-image-2475 size-full\" src=\"https:\/\/mary-roos.de\/html\/wp-content\/uploads\/2022\/07\/button_2000er.jpg\" alt=\"\" width=\"120\" height=\"60\" \/><\/a> <a href=\"https:\/\/mary-roos.de\/html\/biografie-die-2010er-jahre\"><img loading=\"lazy\" class=\"alignnone size-full wp-image-2476\" src=\"https:\/\/mary-roos.de\/html\/wp-content\/uploads\/2022\/07\/button_2010er.jpg\" alt=\"\" width=\"120\" height=\"60\" \/><\/a> <a href=\"https:\/\/mary-roos.de\/html\/biografie-die-2020er-jahre\"><img loading=\"lazy\" class=\"alignnone wp-image-2477 size-full\" src=\"https:\/\/mary-roos.de\/html\/wp-content\/uploads\/2022\/07\/button_2020er.jpg\" alt=\"\" width=\"120\" height=\"60\" \/><\/a><\/p>\n<p>&nbsp;<\/p>\n<h4 style=\"text-align: left;\">Die 1980er Jahre \u2013 Teil 2<\/h4>\n<hr \/>\n<p>W\u00e4hrend f\u00fcr Mary 1972 in Berlin galt, dass &#8218;alles, was ihr Wochen sp\u00e4ter in Edinburgh gelingen sollte, missriet&#8216; (Jan Feddersen) &#8211; wohl auch ein Zeichen daf\u00fcr, dass Mary Roos sich seinerzeit nicht auf Anhieb mit ihrem Beitrag anfreunden konnte -, trifft f\u00fcr die Pr\u00e4sentation von &#8218;Aufrecht geh&#8217;n&#8216; das genaue Gegenteil zu. In M\u00fcnchen spr\u00fcht Mary vor Energie, mit kraftvoller Stimme im selbstbewusst wirkenden Outfit und bietet dem Publikum einen &#8218;Auftritt von souver\u00e4ner Reife&#8216; (Kommentator Peter Urban). Ein gutes Abschneiden im internationalen Vergleich, soweit ist man sich einig, ist der K\u00fcnstlerin sicher. In Luxemburg jedoch singt sie in einem umstrittenen fleischfarbenen Kleid teils abwesend, teils nerv\u00f6s vor sich hin, denn der Text ihres Liedes ist pl\u00f6tzlich authentischer als geplant: Mary Roos wird vor ihrem Auftritt zugetragen, dass eine andere Frau ein Kind von ihrem Ehemann Werner B\u00f6hm erwartet. Zu allem \u00dcberfluss erlebt Mary harsche Kritik an ihrer Garderobe und einen v\u00f6llig verpatzten Orchesterauftakt. Eigentlich bleibt nichts was eine selbstsichere Performance f\u00f6rdern k\u00f6nnte und so landet der Beitrag abgeschlagen auf Platz 13. &#8211; H\u00e4tte, w\u00e4re, wenn, &#8230; Heute z\u00e4hlt Mary Roos &#8218;Aufrecht geh&#8217;n&#8216; zu ihren st\u00e4rksten und liebsten Aufnahmen.<\/p>\n<p>&nbsp;<\/p>\n<p><iframe loading=\"lazy\" title=\"YouTube video player\" src=\"https:\/\/www.youtube.com\/embed\/r_OtaXBdbo8\" width=\"900\" height=\"500\" frameborder=\"0\" allowfullscreen=\"allowfullscreen\"><\/iframe><\/p>\n<p>&nbsp;<\/p>\n<p>Kurz nach dem Eurovision Song Contest, gegen Mitte der 80er-Jahre, arbeitet Mary mit Dieter Bohlen zusammen. Er produziert mit ihr insgesamt drei Singles, u. a. &#8218;Ich bin stark nur mit dir&#8216; , bei denen es sich s\u00e4mtlich um deutschsprachige Coverversionen seiner eigenen Kompositionen handelt. Es gelingt Mary jedoch, den Aufnahmen ihren ganz pers\u00f6nlichen Stempel aufzudr\u00fccken, sodass sie mit jeder Single neben den Originalen bestehen kann und zwei Jahre lang quasi Dauergast in den Airplaycharts ist. Aber nach drei Platten wird ihr das Ganze auf l\u00e4ngere Sicht wohl doch zu eint\u00f6nig. Au\u00dferdem stellt sich die Geburt von Marys Sohn Julian am 19.09.86 einer weiteren Zusammenarbeit vorerst in den Weg.<\/p>\n<p>&nbsp;<\/p>\n<p><iframe loading=\"lazy\" title=\"YouTube video player\" src=\"https:\/\/www.youtube.com\/embed\/VWUKi4E-_H8\" width=\"900\" height=\"500\" frameborder=\"0\" allowfullscreen=\"allowfullscreen\"><\/iframe><\/p>\n<p>&nbsp;<\/p>\n<p>Unter Julians Geburt &#8218;leidet&#8216; auch der Konzept-Longplayer &#8218;Leben sp\u00fcr&#8217;n&#8216;, den Mary Roos 1987 bei der Teldec ver\u00f6ffentlicht. R. R. Mau\u00e9 schreibt und konzipiert f\u00fcr und zum Teil gemeinsam mit Mary ein durchaus gelungenes Album, dessen Tracks 2001 von einem Plattenlabel sogar neu herausgebracht werden. Aber Mary macht ja eigentlich Babypause und hat kaum Zeit f\u00fcr Auftritte und so finden das Album und die Singleauskopplungen &#8218;Explosion&#8216; und &#8218;Signale&#8216; bei weitem nicht die Beachtung, die sie verdienen.<\/p>\n<p><strong><a href=\"https:\/\/mary-roos.de\/html\/biografie-die-80er-jahre-teil-1\">Die 1980er Jahre \u2013 Teil 1<\/a> <\/strong><\/p>\n<h4><a href=\"https:\/\/www.youtube.com\/channel\/UCasReoXlOCac6vXeLbEm7Iw\/playlists\"><img loading=\"lazy\" class=\"alignright wp-image-2379\" src=\"https:\/\/mary-roos.de\/html\/wp-content\/uploads\/2022\/07\/button_youtube-300x300.png\" alt=\"\" width=\"50\" height=\"50\" srcset=\"https:\/\/mary-roos.de\/html\/wp-content\/uploads\/2022\/07\/button_youtube-300x300.png 300w, https:\/\/mary-roos.de\/html\/wp-content\/uploads\/2022\/07\/button_youtube-150x150.png 150w, https:\/\/mary-roos.de\/html\/wp-content\/uploads\/2022\/07\/button_youtube.png 456w\" sizes=\"(max-width: 50px) 100vw, 50px\" \/><\/a><a href=\"https:\/\/www.instagram.com\/maryroosofficial\/\"><img loading=\"lazy\" class=\"alignnone wp-image-2378 alignright\" src=\"https:\/\/mary-roos.de\/html\/wp-content\/uploads\/2022\/07\/button_instagram-297x300.png\" alt=\"\" width=\"50\" height=\"50\" srcset=\"https:\/\/mary-roos.de\/html\/wp-content\/uploads\/2022\/07\/button_instagram-297x300.png 297w, https:\/\/mary-roos.de\/html\/wp-content\/uploads\/2022\/07\/button_instagram-150x150.png 150w, https:\/\/mary-roos.de\/html\/wp-content\/uploads\/2022\/07\/button_instagram.png 459w\" sizes=\"(max-width: 50px) 100vw, 50px\" \/><\/a><a href=\"https:\/\/www.facebook.com\/Maryroos.de\/\"><img loading=\"lazy\" class=\"alignright wp-image-2377\" src=\"https:\/\/mary-roos.de\/html\/wp-content\/uploads\/2022\/07\/button_facebook-150x150.png\" alt=\"\" width=\"50\" height=\"50\" srcset=\"https:\/\/mary-roos.de\/html\/wp-content\/uploads\/2022\/07\/button_facebook-150x150.png 150w, https:\/\/mary-roos.de\/html\/wp-content\/uploads\/2022\/07\/button_facebook-300x300.png 300w, https:\/\/mary-roos.de\/html\/wp-content\/uploads\/2022\/07\/button_facebook.png 457w\" sizes=\"(max-width: 50px) 100vw, 50px\" \/><\/a><\/h4>\n<h4><\/h4>\n","protected":false},"excerpt":{"rendered":"<p>&nbsp; Die 1980er Jahre \u2013 Teil 2 W\u00e4hrend f\u00fcr Mary 1972 in Berlin galt, dass &#8218;alles, was ihr Wochen sp\u00e4ter in Edinburgh gelingen sollte, missriet&#8216; (Jan Feddersen) &#8211; wohl auch ein Zeichen daf\u00fcr, dass Mary Roos sich seinerzeit nicht auf Anhieb mit ihrem Beitrag anfreunden konnte -, trifft f\u00fcr die Pr\u00e4sentation von &#8218;Aufrecht geh&#8217;n&#8216; das [&hellip;]<\/p>\n","protected":false},"author":1,"featured_media":0,"parent":0,"menu_order":0,"comment_status":"closed","ping_status":"closed","template":"","meta":[],"_links":{"self":[{"href":"https:\/\/mary-roos.de\/html\/wp-json\/wp\/v2\/pages\/2236"}],"collection":[{"href":"https:\/\/mary-roos.de\/html\/wp-json\/wp\/v2\/pages"}],"about":[{"href":"https:\/\/mary-roos.de\/html\/wp-json\/wp\/v2\/types\/page"}],"author":[{"embeddable":true,"href":"https:\/\/mary-roos.de\/html\/wp-json\/wp\/v2\/users\/1"}],"replies":[{"embeddable":true,"href":"https:\/\/mary-roos.de\/html\/wp-json\/wp\/v2\/comments?post=2236"}],"version-history":[{"count":16,"href":"https:\/\/mary-roos.de\/html\/wp-json\/wp\/v2\/pages\/2236\/revisions"}],"predecessor-version":[{"id":2506,"href":"https:\/\/mary-roos.de\/html\/wp-json\/wp\/v2\/pages\/2236\/revisions\/2506"}],"wp:attachment":[{"href":"https:\/\/mary-roos.de\/html\/wp-json\/wp\/v2\/media?parent=2236"}],"curies":[{"name":"wp","href":"https:\/\/api.w.org\/{rel}","templated":true}]}}