{"id":2224,"date":"2022-07-01T09:14:19","date_gmt":"2022-07-01T07:14:19","guid":{"rendered":"https:\/\/mary-roos.de\/html\/?page_id=2224"},"modified":"2022-07-06T10:39:02","modified_gmt":"2022-07-06T08:39:02","slug":"biografie-die-70er-jahre-teil-2","status":"publish","type":"page","link":"https:\/\/mary-roos.de\/html\/biografie-die-70er-jahre-teil-2","title":{"rendered":"Biografie \u2013 Die 70er Jahre &#8211; Teil 2"},"content":{"rendered":"<p style=\"text-align: left;\"><a href=\"https:\/\/mary-roos.de\/html\/biographie\"><img loading=\"lazy\" class=\"alignnone size-full wp-image-2478\" src=\"https:\/\/mary-roos.de\/html\/wp-content\/uploads\/2022\/07\/button_anfaenge.jpg\" alt=\"\" width=\"120\" height=\"60\" \/><\/a> <img loading=\"lazy\" class=\"alignnone wp-image-2497 size-full\" src=\"https:\/\/mary-roos.de\/html\/wp-content\/uploads\/2022\/07\/button_70er_aktiv.jpg\" alt=\"\" width=\"120\" height=\"60\" \/> <a href=\"https:\/\/mary-roos.de\/html\/biografie-die-80er-jahre-teil-1\"><img loading=\"lazy\" class=\"alignnone size-full wp-image-2473\" src=\"https:\/\/mary-roos.de\/html\/wp-content\/uploads\/2022\/07\/button_80er.jpg\" alt=\"\" width=\"120\" height=\"60\" \/><\/a> <a href=\"https:\/\/mary-roos.de\/html\/biografie-die-90er-jahre\"><img loading=\"lazy\" class=\"alignnone wp-image-2474 size-full\" src=\"https:\/\/mary-roos.de\/html\/wp-content\/uploads\/2022\/07\/button_90er.jpg\" alt=\"\" width=\"120\" height=\"60\" \/><\/a> <a href=\"https:\/\/mary-roos.de\/html\/biografie-die-2000er-jahre-teil-1\"><img loading=\"lazy\" class=\"alignnone wp-image-2475 size-full\" src=\"https:\/\/mary-roos.de\/html\/wp-content\/uploads\/2022\/07\/button_2000er.jpg\" alt=\"\" width=\"120\" height=\"60\" \/><\/a> <a href=\"https:\/\/mary-roos.de\/html\/biografie-die-2010er-jahre\"><img loading=\"lazy\" class=\"alignnone size-full wp-image-2476\" src=\"https:\/\/mary-roos.de\/html\/wp-content\/uploads\/2022\/07\/button_2010er.jpg\" alt=\"\" width=\"120\" height=\"60\" \/><\/a> <a href=\"https:\/\/mary-roos.de\/html\/biografie-die-2020er-jahre\"><img loading=\"lazy\" class=\"alignnone wp-image-2477 size-full\" src=\"https:\/\/mary-roos.de\/html\/wp-content\/uploads\/2022\/07\/button_2020er.jpg\" alt=\"\" width=\"120\" height=\"60\" \/><\/a><\/p>\n<p>&nbsp;<\/p>\n<h4 style=\"text-align: left;\">Die 1970er Jahre &#8211; Teil 2<\/h4>\n<hr \/>\n<p>1973 entsteht das Album &#8218;Lieber John&#8216;. Anders als 1972 verzichtet man dieses Mal auf eine \u00dcbersetzung ihrer franz\u00f6sischen LP, sodass Mary die Welt in diesem Jahr mit zwei tats\u00e4chlich unterschiedlichen Alben begl\u00fccken kann, &#8211; was jedoch zur Folge hat, dass ihr in Deutschland ein gelegentlich notwendiger Hit fehlt. Steigen die franz\u00f6sischen Singles &#8218;L&#8217;animal en blue-jeans&#8216; und &#8218;Viva&#8216; sogar in die israelischen Hitparaden ein, bietet das deutsche Album zwar teilweise sch\u00f6ne Kompositionen von Autoren wie Peter Maffay oder Les Humphries und durchg\u00e4ngig sehr gute Tete aus der Feder von Michael Kunze (z. B. &#8218;Ein Freund, mein Freund&#8216;), andererseits aber zu wenig Material f\u00fcr die Charts. Nichts desto trotz ist Mary Roos Stargast beim &#8222;Gala-Abend der Schallplatte&#8220; auf der Berliner Funkausstellung. Den versp\u00e4teten deutschen Erfolg liefert sie 1974 mit dem avantgardistischen &#8218;Hamburg im Regen&#8216; nach. Ein Jahr sp\u00e4ter nimmt Mary zum dritten Mal an einer Grand Prix-Vorausscheidung teil und erreicht mit &#8218;Eine Liebe ist wie ein Lied&#8216; den dritten Platz. An Joy Fleming und deren &#8218;Ein Lied kann eine Br\u00fccke sein&#8216; kommt keiner der prominenten Mitstreiter heran, darunter Katja Ebstein, S\u00e9verine, Peter Horton, Marianne Rosenberg, J\u00fcrgen Marcus und Peggy March. Die Regenbogenpresse jedoch r\u00e4tselt in den n\u00e4chsten Wochen gerne was gewesen w\u00e4re, h\u00e4tte Mary nicht mit hohem Fieber vor der Kamera gestanden.<\/p>\n<p>&nbsp;<\/p>\n<p><iframe loading=\"lazy\" title=\"YouTube video player\" src=\"https:\/\/www.youtube.com\/embed\/O_i_FgJXn7E\" width=\"900\" height=\"500\" frameborder=\"0\" allowfullscreen=\"allowfullscreen\"><\/iframe><\/p>\n<p>&nbsp;<\/p>\n<p>\u00dcberhaupt lebt Mary nach einem Schw\u00e4cheanfall laut den Printmedien jetzt mitunter allein von Spritzen und Medikamenten. Vielleicht war sie in letzter Zeit tats\u00e4chlich ein bisschen zuviel unterwegs und ist des Herumreisens m\u00fcde geworden. Ihre eigene Situation deckt sich jedenfalls mit den \u00e4u\u00dferen Umst\u00e4nden: Die Discowelle \u00fcberrollt die Musikm\u00e4rkte und Schlager und Chansons werden an den Rand des Interesses gedr\u00e4ngt. Mary Roos und das Label CBS trennen sich. Mary unterzeichnet einen Vertrag bei der Polydor und konzentriert sich fast ausschlie\u00dflich auf ihre deutsche Karriere, &#8211; zumal sie niemals in Erw\u00e4gung gezogen hatte, dauerhaft in Frankreich zu leben. Sp\u00e4ter wird sie einmal sagen, dass sie diese Entscheidung manchmal ein bisschen bereut. Andererseits ist die unterschiedliche Entwicklung der franz\u00f6sisch- und der deutschsprachigen Musikbranche zu diesem Zeitpunkt kaum abzusehen und so ver\u00f6ffentlicht Mary 1977 letztmalig eine franz\u00f6sische Produktion ( &#8218;Mon coeur tu bats&#8216; ). Auch Mary Roos&#8216; Privatleben \u00e4ndert sich Mitte der 70er: Marys Beziehung zu Werner B\u00f6hm entsteht. Sie trennt sich von ihrem Ehemann und Manager Pierre Scardin.<\/p>\n<p>&nbsp;<\/p>\n<p><iframe loading=\"lazy\" title=\"YouTube video player\" src=\"https:\/\/www.youtube.com\/embed\/8tT1G7XfgTs\" width=\"900\" height=\"500\" frameborder=\"0\" allowfullscreen=\"allowfullscreen\"><\/iframe><\/p>\n<p>&nbsp;<\/p>\n<p>In beruflicher Hinsicht ergreift Mary Roos in den sp\u00e4ten 70ern die Flucht nach vorn: W\u00e4hrend die meisten ihrer Kollegen und Kolleginnen wahlweise auf den vorbeifahrenden Discozug aufspringen oder in der Versenkung verschwinden, spielt sie unter der Regie von Samy Molcho im Fr\u00fchjahr 1976 am Stadttheater M\u00fcnster die Rolle der Magnolia in dem Musical &#8218;Showboat&#8216;. Daneben produziert sie bis 1978 in sch\u00f6ner Regelm\u00e4\u00dfigkeit j\u00e4hrlich eine neue LP, z. B. &#8218;Ich bin Mary&#8216; mit &#8218;Ich bin Mary und nicht Jane&#8216; . Die TV-Show zur 78er-Produktion &#8218;Maryland&#8216; &#8211; mit Nummern wie &#8218;Samba d&#8217;amour &#8218; und &#8218;Schlie\u00df mich ein in deinen Traum&#8216; &#8211; wird trotz oder gerade wegen des fehlenden Discosounds von nicht weniger als 25 L\u00e4ndern eingekauft. Aber es gibt noch eine andere Fernsehsendung, die gegen Ende der 70er-Jahre eine Auszeichnung in Marys Karriere darstellt: Mary Roos darf f\u00fcr sich verbuchen, dass sie als einzige deutsche Pers\u00f6nlichkeit von der BBC f\u00fcr die legend\u00e4re Muppet-Show engagiert wird. Zum Ende des Jahrzehnts wechselt Mary zum Label Hansa und erzielt mit &#8218;Ich werde geh&#8217;n heute Nacht&#8216; nach langer Zeit endlich wieder einen Hit.<\/p>\n<p><strong><a href=\"https:\/\/mary-roos.de\/html\/biografie-die-70er-jahre-teil-1\">Die 1970er Jahre \u2013 Teil 1<\/a><\/strong><\/p>\n<p>&nbsp;<\/p>\n<h4><a href=\"https:\/\/www.youtube.com\/channel\/UCasReoXlOCac6vXeLbEm7Iw\/playlists\"><img loading=\"lazy\" class=\"alignright wp-image-2379\" src=\"https:\/\/mary-roos.de\/html\/wp-content\/uploads\/2022\/07\/button_youtube-300x300.png\" alt=\"\" width=\"50\" height=\"50\" srcset=\"https:\/\/mary-roos.de\/html\/wp-content\/uploads\/2022\/07\/button_youtube-300x300.png 300w, https:\/\/mary-roos.de\/html\/wp-content\/uploads\/2022\/07\/button_youtube-150x150.png 150w, https:\/\/mary-roos.de\/html\/wp-content\/uploads\/2022\/07\/button_youtube.png 456w\" sizes=\"(max-width: 50px) 100vw, 50px\" \/><\/a><a href=\"https:\/\/www.instagram.com\/maryroosofficial\/\"><img loading=\"lazy\" class=\"alignnone wp-image-2378 alignright\" src=\"https:\/\/mary-roos.de\/html\/wp-content\/uploads\/2022\/07\/button_instagram-297x300.png\" alt=\"\" width=\"50\" height=\"50\" srcset=\"https:\/\/mary-roos.de\/html\/wp-content\/uploads\/2022\/07\/button_instagram-297x300.png 297w, https:\/\/mary-roos.de\/html\/wp-content\/uploads\/2022\/07\/button_instagram-150x150.png 150w, https:\/\/mary-roos.de\/html\/wp-content\/uploads\/2022\/07\/button_instagram.png 459w\" sizes=\"(max-width: 50px) 100vw, 50px\" \/><\/a><a href=\"https:\/\/www.facebook.com\/Maryroos.de\/\"><img loading=\"lazy\" class=\"alignright wp-image-2377\" src=\"https:\/\/mary-roos.de\/html\/wp-content\/uploads\/2022\/07\/button_facebook-150x150.png\" alt=\"\" width=\"50\" height=\"50\" srcset=\"https:\/\/mary-roos.de\/html\/wp-content\/uploads\/2022\/07\/button_facebook-150x150.png 150w, https:\/\/mary-roos.de\/html\/wp-content\/uploads\/2022\/07\/button_facebook-300x300.png 300w, https:\/\/mary-roos.de\/html\/wp-content\/uploads\/2022\/07\/button_facebook.png 457w\" sizes=\"(max-width: 50px) 100vw, 50px\" \/><\/a><\/h4>\n<h4><\/h4>\n","protected":false},"excerpt":{"rendered":"<p>&nbsp; Die 1970er Jahre &#8211; Teil 2 1973 entsteht das Album &#8218;Lieber John&#8216;. Anders als 1972 verzichtet man dieses Mal auf eine \u00dcbersetzung ihrer franz\u00f6sischen LP, sodass Mary die Welt in diesem Jahr mit zwei tats\u00e4chlich unterschiedlichen Alben begl\u00fccken kann, &#8211; was jedoch zur Folge hat, dass ihr in Deutschland ein gelegentlich notwendiger Hit fehlt. [&hellip;]<\/p>\n","protected":false},"author":1,"featured_media":0,"parent":0,"menu_order":0,"comment_status":"closed","ping_status":"closed","template":"","meta":[],"_links":{"self":[{"href":"https:\/\/mary-roos.de\/html\/wp-json\/wp\/v2\/pages\/2224"}],"collection":[{"href":"https:\/\/mary-roos.de\/html\/wp-json\/wp\/v2\/pages"}],"about":[{"href":"https:\/\/mary-roos.de\/html\/wp-json\/wp\/v2\/types\/page"}],"author":[{"embeddable":true,"href":"https:\/\/mary-roos.de\/html\/wp-json\/wp\/v2\/users\/1"}],"replies":[{"embeddable":true,"href":"https:\/\/mary-roos.de\/html\/wp-json\/wp\/v2\/comments?post=2224"}],"version-history":[{"count":17,"href":"https:\/\/mary-roos.de\/html\/wp-json\/wp\/v2\/pages\/2224\/revisions"}],"predecessor-version":[{"id":2501,"href":"https:\/\/mary-roos.de\/html\/wp-json\/wp\/v2\/pages\/2224\/revisions\/2501"}],"wp:attachment":[{"href":"https:\/\/mary-roos.de\/html\/wp-json\/wp\/v2\/media?parent=2224"}],"curies":[{"name":"wp","href":"https:\/\/api.w.org\/{rel}","templated":true}]}}