{"id":2216,"date":"2022-07-01T09:00:58","date_gmt":"2022-07-01T07:00:58","guid":{"rendered":"https:\/\/mary-roos.de\/html\/?page_id=2216"},"modified":"2022-07-06T10:40:03","modified_gmt":"2022-07-06T08:40:03","slug":"biografie-die-70er-jahre-teil-1","status":"publish","type":"page","link":"https:\/\/mary-roos.de\/html\/biografie-die-70er-jahre-teil-1","title":{"rendered":"Biografie \u2013 Die 70er Jahre &#8211; Teil 1"},"content":{"rendered":"<p style=\"text-align: left;\"><a href=\"https:\/\/mary-roos.de\/html\/biographie\"><img loading=\"lazy\" class=\"alignnone size-full wp-image-2478\" src=\"https:\/\/mary-roos.de\/html\/wp-content\/uploads\/2022\/07\/button_anfaenge.jpg\" alt=\"\" width=\"120\" height=\"60\" \/><\/a> <img loading=\"lazy\" class=\"alignnone wp-image-2497 size-full\" src=\"https:\/\/mary-roos.de\/html\/wp-content\/uploads\/2022\/07\/button_70er_aktiv.jpg\" alt=\"\" width=\"120\" height=\"60\" \/> <a href=\"https:\/\/mary-roos.de\/html\/biografie-die-80er-jahre-teil-1\"><img loading=\"lazy\" class=\"alignnone size-full wp-image-2473\" src=\"https:\/\/mary-roos.de\/html\/wp-content\/uploads\/2022\/07\/button_80er.jpg\" alt=\"\" width=\"120\" height=\"60\" \/><\/a> <a href=\"https:\/\/mary-roos.de\/html\/biografie-die-90er-jahre\"><img loading=\"lazy\" class=\"alignnone wp-image-2474 size-full\" src=\"https:\/\/mary-roos.de\/html\/wp-content\/uploads\/2022\/07\/button_90er.jpg\" alt=\"\" width=\"120\" height=\"60\" \/><\/a> <a href=\"https:\/\/mary-roos.de\/html\/biografie-die-2000er-jahre-teil-1\"><img loading=\"lazy\" class=\"alignnone wp-image-2475 size-full\" src=\"https:\/\/mary-roos.de\/html\/wp-content\/uploads\/2022\/07\/button_2000er.jpg\" alt=\"\" width=\"120\" height=\"60\" \/><\/a> <a href=\"https:\/\/mary-roos.de\/html\/biografie-die-2010er-jahre\"><img loading=\"lazy\" class=\"alignnone size-full wp-image-2476\" src=\"https:\/\/mary-roos.de\/html\/wp-content\/uploads\/2022\/07\/button_2010er.jpg\" alt=\"\" width=\"120\" height=\"60\" \/><\/a> <a href=\"https:\/\/mary-roos.de\/html\/biografie-die-2020er-jahre\"><img loading=\"lazy\" class=\"alignnone wp-image-2477 size-full\" src=\"https:\/\/mary-roos.de\/html\/wp-content\/uploads\/2022\/07\/button_2020er.jpg\" alt=\"\" width=\"120\" height=\"60\" \/><\/a><\/p>\n<p>&nbsp;<\/p>\n<h4 style=\"text-align: left;\">Die 1970er Jahre &#8211; Teil 1<\/h4>\n<hr \/>\n<p>Alles in allem ist Mary Roos zwar in den 60er-Jahren kontinuierlich auf Festivals und in den Medien pr\u00e4sent, das aber tendenziell als B-S\u00e4ngerin. Sie ist durchaus bekannt, bislang jedoch eher m\u00e4\u00dfig erfolgreich. Obwohl Toningenieure, Autoren, Produzenten und Kritiker \u00fcber alle Ma\u00dfen von Marys Talent \u00fcberzeugt sind, l\u00e4sst der gro\u00dfe Durchbruch auf sich warten. Doch am Ende des Jahrzehnts leitet ein privates Ereignis einen beruflichen Wandel ein: Mary Roos heiratet den Franzosen Pierre Scardin, der in den n\u00e4chsten Jahren erfolgreich als ihr Manager t\u00e4tig ist.<\/p>\n<p>Bei ihrer ersten Teilnahme an einer deutschen Grand Prix-Vorausscheidung mit dem Titel &#8218;Bei jedem Kuss&#8216; kommt Mary Roos 1970 zwar in die Endrunde, muss sich aber letztlich gegen Katja Ebstein geschlagen geben. Auch tritt sie hier noch als Sternchen und nicht als Star auf, was sich aber schon wenige Wochen sp\u00e4ter \u00e4ndern soll: Giorgio Moroder produziert mit Mary &#8218;Arizona Man&#8216; . Der Song ist eine kleine Sensation, da zum allerersten Mal bei einer Musikproduktion Synthesizer eingesetzt werden. Und der Titel h\u00e4lt sich 22 Wochen in den Verkaufs-Charts und dringt dort bis auf Platz 2 vor.<\/p>\n<p>&nbsp;<\/p>\n<p><iframe loading=\"lazy\" title=\"YouTube video player\" src=\"https:\/\/www.youtube.com\/embed\/pHR4RBet2hY\" width=\"900\" height=\"500\" frameborder=\"0\" allowfullscreen=\"allowfullscreen\"><\/iframe><\/p>\n<p>&nbsp;<\/p>\n<p>Nun endlich beginnt Mary Roos&#8216; Aufstieg in die vordere Liga: Das zu dieser Zeit gr\u00f6\u00dfte internationale Label CBS nimmt sie unter Vertrag. Unter der Regie von Michael Holm nimmt sie 1970 ihr erstes &#8218;echtes&#8216; Solo-Album &#8211; mit Songs wie &#8218;Blauer Montag&#8216; und &#8218;So leb dein Leben&#8216; &#8211; auf und verleitet damit Marc Gordon, Manager der Fifth Dimension, zu der begeisterten Aussage &#8218;Die w\u00fcrde ja auch in Amerika gro\u00df rauskommen!&#8216; Mary wird in diesem Jahr zur zweitbeliebtesten deutschsprachigen S\u00e4ngerin nach Mireille Mathieu gek\u00fcrt, ist deutscher Gast bei der Unicef-Gala in Osaka, wo sie neben Sacha Distel, Peter Ustinov, Marlon Brando und anderen Weltstars auf der B\u00fchne steht und erh\u00e4lt 1971 mit &#8218;Marys Music&#8216; eine eigene, regelm\u00e4\u00dfige Personalityshow im deutschen Fernsehen.<\/p>\n<p>Fast zeitgleich beginnt Mary Roos&#8216; Karriere in Frankreich. Zun\u00e4chst spielt sie an der Seite von Michel Fugain die weibliche Hauptrolle in dem Musical &#8218;Un enfant dans la ville&#8216; (&#8218;D\u00e9p\u00eache-toi&#8216; ), das 1971 vom franz\u00f6sischen Fernsehen und der BBC verfilmt wird.<\/p>\n<p>&nbsp;<\/p>\n<p><iframe loading=\"lazy\" title=\"YouTube video player\" src=\"https:\/\/www.youtube.com\/embed\/cOuegDZ4idQ\" width=\"900\" height=\"500\" frameborder=\"0\" allowfullscreen=\"allowfullscreen\"><\/iframe><\/p>\n<p>&nbsp;<\/p>\n<p>1972 betritt Mary Roos mit &#8218;Nur die Liebe l\u00e4sst uns leben&#8216; die internationale B\u00fchne beim Grand Prix Eurovision. Obwohl Mary mit ihrem Beitrag als erste Teilnehmerin an den Start gehen muss, erreicht sie einen hervorragenden dritten Platz und das bis dahin beste Endergebnis f\u00fcr Deutschland. Mary, die eigentlich kaum an den Erfolg ihres Liedes glauben mag (Jan Feddersen: &#8218;Ein konventioneller Schlager, der erst durch die Pers\u00f6nlichkeit der S\u00e4ngerin zum Juwel werden konnte&#8216;), schreitet in v\u00f6llig unbek\u00fcmmerter Manier vor die Kameras, singt ab dem ersten Ton wie entfesselt und bietet den Zuschauern eine nur schwer zu \u00fcbertreffende Performance. Insgesamt agiert sie derart bravour\u00f6s, dass sich die Franzosen gl\u00fccklich sch\u00e4tzen k\u00f6nnen, Mary zu diesem Zeitpunkt bereits mit einem eigenen Programm f\u00fcr das Pariser Olympia verpflichtet zu haben. Die sich an den Grand Prix unmittelbar anschlie\u00dfenden Vorstellungen im Olympia sind folgerichtig drei Wochen lang ausverkauft. Mary, der man in Frankreich kaum glauben will dass sie Deutsche ist, nimmt ihr erstes franz\u00f6sisches Soloalbum auf &#8211; mit Titeln wie &#8218;L&#8217;autoroute&#8216; und &#8218;Si tu te rappelles&#8216; &#8211; und begeistert die Fachwelt bei der Midem-Musikmesse in Cannes.<\/p>\n<p>Als b\u00f6te ihr das alles nicht genug Entfaltungsm\u00f6glichkeiten, nimmt Mary Roos zudem am Songfestival in Rio teil. In Deutschland erscheint der Longplayer &#8218;Woraus meine Lieder sind&#8216;, der zu gro\u00dfen Teilen aus Coverversionen ihrer franz\u00f6sischen LP besteht &#8211; so zum Beispiel der Track &#8218;Morgens um f\u00fcnf&#8216; &#8211; und wahrscheinlich aus diesem Grund noch heute viel Beachtung findet. Auch in den kommenden Jahren zieht Mary es vor, Chansons und Schlager mit einem gewissen Anspruch zu singen. Sie geh\u00f6rt zu den pr\u00e4sentesten und renommiertesten Interpreten der Siebzigerjahre und zu der kleinen Garde derjenigen, die auch jenseits der &#8222;ZDF-Hitparade&#8220; gro\u00dfe Beachtung finden.<\/p>\n<p><a href=\"https:\/\/mary-roos.de\/html\/biografie-die-70er-jahre-teil-2\"><strong>Die 1970er Jahre \u2013 Teil 2<\/strong><\/a><\/p>\n<h4><a href=\"https:\/\/www.youtube.com\/channel\/UCasReoXlOCac6vXeLbEm7Iw\/playlists\"><img loading=\"lazy\" class=\"alignright wp-image-2379\" src=\"https:\/\/mary-roos.de\/html\/wp-content\/uploads\/2022\/07\/button_youtube-300x300.png\" alt=\"\" width=\"50\" height=\"50\" srcset=\"https:\/\/mary-roos.de\/html\/wp-content\/uploads\/2022\/07\/button_youtube-300x300.png 300w, https:\/\/mary-roos.de\/html\/wp-content\/uploads\/2022\/07\/button_youtube-150x150.png 150w, https:\/\/mary-roos.de\/html\/wp-content\/uploads\/2022\/07\/button_youtube.png 456w\" sizes=\"(max-width: 50px) 100vw, 50px\" \/><\/a><a href=\"https:\/\/www.instagram.com\/maryroosofficial\/\"><img loading=\"lazy\" class=\"alignnone wp-image-2378 alignright\" src=\"https:\/\/mary-roos.de\/html\/wp-content\/uploads\/2022\/07\/button_instagram-297x300.png\" alt=\"\" width=\"50\" height=\"50\" srcset=\"https:\/\/mary-roos.de\/html\/wp-content\/uploads\/2022\/07\/button_instagram-297x300.png 297w, https:\/\/mary-roos.de\/html\/wp-content\/uploads\/2022\/07\/button_instagram-150x150.png 150w, https:\/\/mary-roos.de\/html\/wp-content\/uploads\/2022\/07\/button_instagram.png 459w\" sizes=\"(max-width: 50px) 100vw, 50px\" \/><\/a><a href=\"https:\/\/www.facebook.com\/Maryroos.de\/\"><img loading=\"lazy\" class=\"alignright wp-image-2377\" src=\"https:\/\/mary-roos.de\/html\/wp-content\/uploads\/2022\/07\/button_facebook-150x150.png\" alt=\"\" width=\"50\" height=\"50\" srcset=\"https:\/\/mary-roos.de\/html\/wp-content\/uploads\/2022\/07\/button_facebook-150x150.png 150w, https:\/\/mary-roos.de\/html\/wp-content\/uploads\/2022\/07\/button_facebook-300x300.png 300w, https:\/\/mary-roos.de\/html\/wp-content\/uploads\/2022\/07\/button_facebook.png 457w\" sizes=\"(max-width: 50px) 100vw, 50px\" \/><\/a><\/h4>\n<h4><\/h4>\n","protected":false},"excerpt":{"rendered":"<p>&nbsp; Die 1970er Jahre &#8211; Teil 1 Alles in allem ist Mary Roos zwar in den 60er-Jahren kontinuierlich auf Festivals und in den Medien pr\u00e4sent, das aber tendenziell als B-S\u00e4ngerin. Sie ist durchaus bekannt, bislang jedoch eher m\u00e4\u00dfig erfolgreich. Obwohl Toningenieure, Autoren, Produzenten und Kritiker \u00fcber alle Ma\u00dfen von Marys Talent \u00fcberzeugt sind, l\u00e4sst der [&hellip;]<\/p>\n","protected":false},"author":1,"featured_media":0,"parent":0,"menu_order":0,"comment_status":"closed","ping_status":"closed","template":"","meta":[],"_links":{"self":[{"href":"https:\/\/mary-roos.de\/html\/wp-json\/wp\/v2\/pages\/2216"}],"collection":[{"href":"https:\/\/mary-roos.de\/html\/wp-json\/wp\/v2\/pages"}],"about":[{"href":"https:\/\/mary-roos.de\/html\/wp-json\/wp\/v2\/types\/page"}],"author":[{"embeddable":true,"href":"https:\/\/mary-roos.de\/html\/wp-json\/wp\/v2\/users\/1"}],"replies":[{"embeddable":true,"href":"https:\/\/mary-roos.de\/html\/wp-json\/wp\/v2\/comments?post=2216"}],"version-history":[{"count":16,"href":"https:\/\/mary-roos.de\/html\/wp-json\/wp\/v2\/pages\/2216\/revisions"}],"predecessor-version":[{"id":2502,"href":"https:\/\/mary-roos.de\/html\/wp-json\/wp\/v2\/pages\/2216\/revisions\/2502"}],"wp:attachment":[{"href":"https:\/\/mary-roos.de\/html\/wp-json\/wp\/v2\/media?parent=2216"}],"curies":[{"name":"wp","href":"https:\/\/api.w.org\/{rel}","templated":true}]}}